{"id":942,"date":"2015-07-13T22:24:23","date_gmt":"2015-07-13T22:24:23","guid":{"rendered":"http:\/\/egersund-golfklubb.no\/?page_id=942"},"modified":"2019-06-13T11:56:27","modified_gmt":"2019-06-13T09:56:27","slug":"lokale-regler","status":"publish","type":"page","link":"https:\/\/egersund-golfklubb.no\/?page_id=942","title":{"rendered":"Lokale regler"},"content":{"rendered":"<p><strong><a href=\"http:\/\/egersund-golfklubb.no\/wp-content\/uploads\/2015\/07\/logo.png\"><img loading=\"lazy\" decoding=\"async\" class=\" size-full wp-image-877 alignright\" src=\"http:\/\/egersund-golfklubb.no\/wp-content\/uploads\/2015\/07\/logo.png\" alt=\"logo\" width=\"178\" height=\"178\" srcset=\"https:\/\/egersund-golfklubb.no\/wp-content\/uploads\/2015\/07\/logo.png 178w, https:\/\/egersund-golfklubb.no\/wp-content\/uploads\/2015\/07\/logo-100x100.png 100w, https:\/\/egersund-golfklubb.no\/wp-content\/uploads\/2015\/07\/logo-150x150.png 150w\" sizes=\"auto, (max-width: 178px) 100vw, 178px\" \/><\/a>Lokale regler.<\/strong><\/p>\n<p>(Erstatter og utfyller regler p\u00e5 scorekort)<\/p>\n<p><strong>\u00a0<\/strong><\/p>\n<p><strong>F\u00f8lgende er definert som uflyttbare hindringer, og fritak kan tas iht. regel 24-2:<\/strong><\/p>\n<ul>\n<li>Merkestaker i alle farger og avstandsmerker.<\/li>\n<li>Veier og stier.<\/li>\n<li>Fastmonterte kunstige gjenstander og innretninger som s\u00f8ppelkasser, benker, deler av vanningsanlegg, kummer, rister og lignende.<\/li>\n<li>Stakede tr\u00e6r.<\/li>\n<\/ul>\n<p>&nbsp;<\/p>\n<p><strong>F\u00f8lgende er definert som grunn under reparasjon (GUR), og fritak kan tas iht. regel 25-1<\/strong><\/p>\n<ul>\n<li>Dreneringsgr\u00f8fter, renner og lignende belagt med grus eller singel.<\/li>\n<li>Nys\u00e5dde omr\u00e5der (sand\/fr\u00f8blanding).<\/li>\n<li>Omr\u00e5der merket med GUR.<\/li>\n<\/ul>\n<p><strong>\u00a0<\/strong><strong>\u00a0<\/strong><\/p>\n<p><strong>Dersom ballen treffer stolpe eller luftledning p\u00e5 hull 2, skal slaget <u>annulleres<\/u> og ny ball spilles.<\/strong><\/p>\n<p><strong>\u00a0<\/strong><\/p>\n<p><strong>Ang\u00e5ende vannhinder hull 2\/11<\/strong><\/p>\n<p>\u201ddersom det er tvil hvorvidt en ball er i eller mistet i vannhinderet\u201d (p\u00e5 hull 2\/11), kan spilleren spille en provisorisk ball etter et av gjeldende alternativer i regel 26-1:<\/p>\n<ol>\n<li>Hvis den opprinnelige ballen blir funnet utenfor vannhinderet, m\u00e5 spilleren fortsette \u00e5 spille p\u00e5 den.<\/li>\n<li>Hvis den opprinnelige ballen blir funnet i vannhinderet, kan spilleren enten spille den opprinnelige ballen, eller fortsette med den provisoriske ballen etter regel 26-1.<\/li>\n<li>Hvis den opprinnelige ballen ikke blir funnet eller identifisert innen fem minutters leting, m\u00e5 spilleren fortsette med den provisoriske ballen.<\/li>\n<\/ol>\n<p><strong>Milj\u00f8vernomr\u00e5de i <em>vannhindre<\/em><\/strong><\/p>\n<p>Omr\u00e5det p\u00e5 alle <em>hull<\/em>\u00a0merket med r\u00f8de staker med gr\u00f8nn topp, er milj\u00f8vernomr\u00e5de som det ikke er lov \u00e5 spille fra. Fritak skal tas etter <em>regel<\/em> 26-1.<\/p>\n<p><strong>Banens ytre grenser\u00a0 (out of bounds)<\/strong><\/p>\n<ul>\n<li>Hull 1 Hvite staker langs h\u00f8yre side og n\u00e6rmeste asfaltkant langs vei.<\/li>\n<li>Hull 2 Gjerde langs venstre side.<\/li>\n<li>Hull 3 Gjerde langs venstre side.<\/li>\n<li>Hull 5 Hvite staker langs fjell h\u00f8yre side.<\/li>\n<li>Hull 7 Nett p\u00e5 h\u00f8yre side og forlengelse av dette.<\/li>\n<li>Hull 9 Hvite staker langs h\u00f8yre side.<\/li>\n<\/ul>\n<p>&nbsp;<\/p>\n<p><strong>Mistet ball eller ball utenfor banen (gjelder hull med out of bounds)<\/strong><\/p>\n<p>N\u00e5r en spillers ball ikke er funnet eller den er kjent eller s\u00e5 godt som sikkert \u00e5 v\u00e6re utenfor banen , kan spilleren fortsette etter den lokale regelen for slag og lengde med to straffeslag, heller enn \u00e5 fortsette etter slag og lengde.<\/p>\n<p>Med to straffeslag kan spilleren ta fritak ved \u00e5 droppe den opprinnelige ballen eller en annen ball i<br \/>\ndette fritaksomr\u00e5det (se regel 14.3):<\/p>\n<p>Denne lokale regelen er ikke tilgjengelig hvis det er spilt en provisorisk ball. Se forslag lokal regel E-5 for komplette detaljer om den lokale regelen. Straff for \u00e5 spille ball fra et feil sted ved brudd p\u00e5 lokal regel: Generell straff etter regel 14.7a.<\/p>\n<p>&nbsp;<\/p>\n<p><strong>Vannhinder som ikke er merket, anses som sidevannshinder.<\/strong><\/p>\n<p><strong>\u00a0<\/strong><\/p>\n<p><strong>Droppsoner: <\/strong>P\u00e5 f\u00f8lgende hull kan droppsone benyttes dersom ballen sl\u00e5s i vannhinder fra utslagssted:<\/p>\n<ul>\n<li>Hull 3 Eget utslagssted<\/li>\n<li>Hull 5 Eget utslagssted<\/li>\n<li>Hull 6 Eget utslagssted<\/li>\n<li>Hull 7 Eget utslagssted<\/li>\n<li>Hull 8 Eget utslagssted\u00a0\u00a0\u00a0\u00a0\u00a0\u00a0\u00a0\u00a0\u00a0\u00a0\u00a0\u00a0\u00a0\u00a0\u00a0\u00a0\u00a0\u00a0\u00a0\u00a0\u00a0\u00a0\u00a0\u00a0\u00a0\u00a0\u00a0\u00a0\u00a0\u00a0\u00a0\u00a0\u00a0\u00a0\u00a0\u00a0\u00a0\u00a0\u00a0\u00a0\u00a0\u00a0\u00a0\u00a0\u00a0\u00a0\u00a0\u00a0\u00a0\u00a0\u00a0\u00a0\u00a0\u00a0\u00a0\u00a0\u00a0\u00a0\u00a0\u00a0\u00a0\u00a0\u00a0\u00a0\u00a0\u00a0\u00a0\u00a0\u00a0\u00a0\u00a0\u00a0\u00a0\u00a0\u00a0\u00a0\u00a0\u00a0\u00a0\u00a0 Maurholen 13.06.2019<\/li>\n<\/ul>\n","protected":false},"excerpt":{"rendered":"<p>Lokale regler. (Erstatter og utfyller regler p\u00e5 scorekort) \u00a0 F\u00f8lgende er definert som uflyttbare hindringer, og fritak kan tas iht. regel 24-2: Merkestaker i alle farger og avstandsmerker. Veier og stier. Fastmonterte kunstige gjenstander og innretninger som s\u00f8ppelkasser, benker, deler av vanningsanlegg, kummer, rister og lignende. Stakede tr\u00e6r. &nbsp; F\u00f8lgende er definert som grunn under &#8230;<\/p>\n","protected":false},"author":1,"featured_media":0,"parent":0,"menu_order":0,"comment_status":"closed","ping_status":"open","template":"","meta":{"jetpack_post_was_ever_published":false,"footnotes":""},"class_list":["post-942","page","type-page","status-publish","hentry"],"jetpack_sharing_enabled":true,"jetpack_shortlink":"https:\/\/wp.me\/P8Sl8t-fc","_links":{"self":[{"href":"https:\/\/egersund-golfklubb.no\/index.php?rest_route=\/wp\/v2\/pages\/942","targetHints":{"allow":["GET"]}}],"collection":[{"href":"https:\/\/egersund-golfklubb.no\/index.php?rest_route=\/wp\/v2\/pages"}],"about":[{"href":"https:\/\/egersund-golfklubb.no\/index.php?rest_route=\/wp\/v2\/types\/page"}],"author":[{"embeddable":true,"href":"https:\/\/egersund-golfklubb.no\/index.php?rest_route=\/wp\/v2\/users\/1"}],"replies":[{"embeddable":true,"href":"https:\/\/egersund-golfklubb.no\/index.php?rest_route=%2Fwp%2Fv2%2Fcomments&post=942"}],"version-history":[{"count":5,"href":"https:\/\/egersund-golfklubb.no\/index.php?rest_route=\/wp\/v2\/pages\/942\/revisions"}],"predecessor-version":[{"id":3794,"href":"https:\/\/egersund-golfklubb.no\/index.php?rest_route=\/wp\/v2\/pages\/942\/revisions\/3794"}],"wp:attachment":[{"href":"https:\/\/egersund-golfklubb.no\/index.php?rest_route=%2Fwp%2Fv2%2Fmedia&parent=942"}],"curies":[{"name":"wp","href":"https:\/\/api.w.org\/{rel}","templated":true}]}}