{"id":5320,"date":"2023-06-04T08:18:00","date_gmt":"2023-06-04T06:18:00","guid":{"rendered":"https:\/\/egersund-golfklubb.no\/?page_id=5320"},"modified":"2026-04-14T09:34:44","modified_gmt":"2026-04-14T07:34:44","slug":"priser","status":"publish","type":"page","link":"https:\/\/egersund-golfklubb.no\/?page_id=5320","title":{"rendered":"Priser"},"content":{"rendered":"<h3><strong>Greenfee (Online betaling i golfbox)<\/strong><\/h3>\n<table>\n<thead>\n<tr>\n<th>Kategori<\/th>\n<th>9 hull<\/th>\n<th>18 hull<\/th>\n<\/tr>\n<\/thead>\n<tbody>\n<tr>\n<td>Gjestespillere<\/td>\n<td>kr 330<\/td>\n<td>kr 440<\/td>\n<\/tr>\n<tr>\n<td>Greenfeemedlemmer (Egersund)<\/td>\n<td>kr 263<\/td>\n<td>kr 350<\/td>\n<\/tr>\n<tr>\n<td>Ogna og J\u00e6ren medlemmer<\/td>\n<td>kr 275<\/td>\n<td>kr 367<\/td>\n<\/tr>\n<tr>\n<td>Juniorer<\/td>\n<td>Halv pris<\/td>\n<td>Halv pris<\/td>\n<\/tr>\n<\/tbody>\n<\/table>\n<p>Alle spillere skal registrere seg for spill i Golfbox. Betaling er kun tillatt ved online bestilling av tid gjennom Golfbox.<\/p>\n<h3><strong>Rabbatert greenfee (kj\u00f8pes gjennom golfmore)<\/strong><\/h3>\n<table>\n<thead>\n<tr>\n<th>Antall greenfee<\/th>\n<th>Pris pr. greenfee<\/th>\n<th>Totalpris<\/th>\n<th>Effektiv rabatt<\/th>\n<\/tr>\n<\/thead>\n<tbody>\n<tr>\n<td>5<\/td>\n<td>kr 420,-<\/td>\n<td>kr 2 100,-<\/td>\n<td>\u2248 1,2 %<\/td>\n<\/tr>\n<tr>\n<td>10<\/td>\n<td>kr 360,-<\/td>\n<td>kr 3 600,-<\/td>\n<td>15,3 %<\/td>\n<\/tr>\n<tr>\n<td>15<\/td>\n<td>kr 320,-<\/td>\n<td>kr 4 800,-<\/td>\n<td>\u2248 24,7 %<\/td>\n<\/tr>\n<\/tbody>\n<\/table>\n<p><span style=\"text-decoration: underline;\"><em>Vennligst merk. 1x greenfee gjelder 9 eller 18 hull. Dersom man kun booker 9 hull, belastes 1x greenfee. Det samme gjelder for 18 hull.<\/em><\/span><\/p>\n<p>Alle gjestespillere skal skrive seg inn i bes\u00f8ksboken f\u00f8r en spiller banen.<\/p>\n<p>&nbsp;<\/p>\n<h3><strong>Andre priser<\/strong><\/h3>\n<h3 data-start=\"795\" data-end=\"814\">Driving range<\/h3>\n<div class=\"_tableContainer_1rjym_1\">\n<div class=\"_tableWrapper_1rjym_13 group flex w-fit flex-col-reverse\" tabindex=\"-1\">\n<table class=\"w-fit min-w-(--thread-content-width)\" data-start=\"815\" data-end=\"902\">\n<thead data-start=\"815\" data-end=\"831\">\n<tr data-start=\"815\" data-end=\"831\">\n<th data-start=\"815\" data-end=\"823\" data-col-size=\"sm\">B\u00f8tte<\/th>\n<th data-start=\"823\" data-end=\"831\" data-col-size=\"sm\">Pris<\/th>\n<\/tr>\n<\/thead>\n<tbody data-start=\"849\" data-end=\"902\">\n<tr data-start=\"849\" data-end=\"866\">\n<td data-start=\"849\" data-end=\"857\" data-col-size=\"sm\">Liten<\/td>\n<td data-start=\"857\" data-end=\"866\" data-col-size=\"sm\">kr 25<\/td>\n<\/tr>\n<tr data-start=\"867\" data-end=\"884\">\n<td data-start=\"867\" data-end=\"875\" data-col-size=\"sm\">Medium<\/td>\n<td data-start=\"875\" data-end=\"884\" data-col-size=\"sm\">kr 35<\/td>\n<\/tr>\n<tr data-start=\"885\" data-end=\"902\">\n<td data-start=\"885\" data-end=\"893\" data-col-size=\"sm\">Stor<\/td>\n<td data-start=\"893\" data-end=\"902\" data-col-size=\"sm\">kr 50<\/td>\n<\/tr>\n<\/tbody>\n<\/table>\n<\/div>\n<\/div>\n<p data-start=\"904\" data-end=\"958\"><em data-start=\"904\" data-end=\"956\">Betaling: Kredittkort, Vipps eller Golfmore-appen. <a href=\"https:\/\/egersund-golfklubb.no\/?p=13547\">(Mere info her)<\/a><\/em><\/p>\n<h3 data-start=\"795\" data-end=\"814\">Utleie<\/h3>\n<table>\n<thead>\n<tr>\n<th>Utstyr<\/th>\n<th>9 hull<\/th>\n<th>18 hull<\/th>\n<\/tr>\n<\/thead>\n<tbody>\n<tr>\n<td>Golfbil *<\/td>\n<td>kr 200<\/td>\n<td>kr 300<\/td>\n<\/tr>\n<tr>\n<td>Leie av golfsett<\/td>\n<td>kr 200<\/td>\n<td>kr 200<\/td>\n<\/tr>\n<\/tbody>\n<\/table>\n<h5>* Leie av golfbil forutsetter at sj\u00e5f\u00f8r innhar f\u00f8rekort for bil<\/h5>\n<h3><span style=\"font-size: 16px;\"><br \/>\nEtter spill setter pris p\u00e5 om det legges inn kommentarer p\u00e5 Google maps, eller tilsvarende, om hva du syns om banen.<\/span><\/h3>\n","protected":false},"excerpt":{"rendered":"<p>Greenfee (Online betaling i golfbox) Kategori 9 hull 18 hull Gjestespillere kr 330 kr 440 Greenfeemedlemmer (Egersund) kr 263 kr 350 Ogna og J\u00e6ren medlemmer kr 275 kr 367 Juniorer Halv pris Halv pris Alle spillere skal registrere seg for spill i Golfbox. Betaling er kun tillatt ved online bestilling av tid gjennom Golfbox. Rabbatert &#8230;<\/p>\n","protected":false},"author":11,"featured_media":0,"parent":0,"menu_order":0,"comment_status":"closed","ping_status":"closed","template":"","meta":{"jetpack_post_was_ever_published":false,"footnotes":""},"class_list":["post-5320","page","type-page","status-publish","hentry"],"jetpack_sharing_enabled":true,"jetpack_shortlink":"https:\/\/wp.me\/P8Sl8t-1nO","_links":{"self":[{"href":"https:\/\/egersund-golfklubb.no\/index.php?rest_route=\/wp\/v2\/pages\/5320","targetHints":{"allow":["GET"]}}],"collection":[{"href":"https:\/\/egersund-golfklubb.no\/index.php?rest_route=\/wp\/v2\/pages"}],"about":[{"href":"https:\/\/egersund-golfklubb.no\/index.php?rest_route=\/wp\/v2\/types\/page"}],"author":[{"embeddable":true,"href":"https:\/\/egersund-golfklubb.no\/index.php?rest_route=\/wp\/v2\/users\/11"}],"replies":[{"embeddable":true,"href":"https:\/\/egersund-golfklubb.no\/index.php?rest_route=%2Fwp%2Fv2%2Fcomments&post=5320"}],"version-history":[{"count":33,"href":"https:\/\/egersund-golfklubb.no\/index.php?rest_route=\/wp\/v2\/pages\/5320\/revisions"}],"predecessor-version":[{"id":14831,"href":"https:\/\/egersund-golfklubb.no\/index.php?rest_route=\/wp\/v2\/pages\/5320\/revisions\/14831"}],"wp:attachment":[{"href":"https:\/\/egersund-golfklubb.no\/index.php?rest_route=%2Fwp%2Fv2%2Fmedia&parent=5320"}],"curies":[{"name":"wp","href":"https:\/\/api.w.org\/{rel}","templated":true}]}}