{"id":5308,"date":"2023-06-02T13:42:08","date_gmt":"2023-06-02T11:42:08","guid":{"rendered":"https:\/\/egersund-golfklubb.no\/?page_id=5308"},"modified":"2025-03-26T11:34:39","modified_gmt":"2025-03-26T09:34:39","slug":"informasjon","status":"publish","type":"page","link":"https:\/\/egersund-golfklubb.no\/?page_id=5308","title":{"rendered":"Informasjon"},"content":{"rendered":"<h1><strong>Kiosk og \u00c5pningstider<\/strong><\/h1>\n<table>\n<tbody>\n<tr>\n<td style=\"width: 50%;\"><strong>Kioskens \u00e5pningstider i 2025-sesongen<\/strong><br \/>\nApril \u2013 September\/Oktober<\/p>\n<table>\n<tbody>\n<tr>\n<td>Mandag \u2013 torsdag:<\/td>\n<td>kl 16.00 \u2013 18.30<\/td>\n<\/tr>\n<tr>\n<td>Fredag:<\/td>\n<td>Stengt<\/td>\n<\/tr>\n<tr>\n<td>L\u00f8rdag:<\/td>\n<td>kl. 09.00-15.00<\/td>\n<\/tr>\n<tr>\n<td>S\u00f8ndag:<\/td>\n<td>kl. 09.00-17.00<\/td>\n<\/tr>\n<\/tbody>\n<\/table>\n<p>I kiosken kan det bl.a. kj\u00f8pes brus, kaffe,<br \/>\nis, sjokolade og noe frossen mat som kan<br \/>\nvarmes i mikrob\u00f8lgeovn.<\/p>\n<p>Golfutstyr som baller, pegger, hansker og<br \/>\nnoen komplette golfsett.<\/p>\n<p>Ved kiosken har vi benker og bord ute,<br \/>\nsamt inne i sommerstuen for \u00e5 sitte og nyte<br \/>\nforfriskninger.<\/td>\n<td><img loading=\"lazy\" decoding=\"async\" class=\"alignnone size-medium wp-image-5306\" src=\"https:\/\/egersund-golfklubb.no\/wp-content\/uploads\/2023\/06\/Proshop-300x138.jpg\" alt=\"\" width=\"300\" height=\"138\" srcset=\"https:\/\/egersund-golfklubb.no\/wp-content\/uploads\/2023\/06\/Proshop-300x138.jpg 300w, https:\/\/egersund-golfklubb.no\/wp-content\/uploads\/2023\/06\/Proshop-600x275.jpg 600w, https:\/\/egersund-golfklubb.no\/wp-content\/uploads\/2023\/06\/Proshop-1024x469.jpg 1024w, https:\/\/egersund-golfklubb.no\/wp-content\/uploads\/2023\/06\/Proshop-768x352.jpg 768w, https:\/\/egersund-golfklubb.no\/wp-content\/uploads\/2023\/06\/Proshop-1536x704.jpg 1536w, https:\/\/egersund-golfklubb.no\/wp-content\/uploads\/2023\/06\/Proshop-2048x939.jpg 2048w\" sizes=\"auto, (max-width: 300px) 100vw, 300px\" \/><img loading=\"lazy\" decoding=\"async\" class=\"alignnone size-medium wp-image-5305\" src=\"https:\/\/egersund-golfklubb.no\/wp-content\/uploads\/2023\/06\/Proshop-inne-1-300x138.jpg\" alt=\"\" width=\"300\" height=\"138\" srcset=\"https:\/\/egersund-golfklubb.no\/wp-content\/uploads\/2023\/06\/Proshop-inne-1-300x138.jpg 300w, https:\/\/egersund-golfklubb.no\/wp-content\/uploads\/2023\/06\/Proshop-inne-1-600x275.jpg 600w, https:\/\/egersund-golfklubb.no\/wp-content\/uploads\/2023\/06\/Proshop-inne-1-1024x469.jpg 1024w, https:\/\/egersund-golfklubb.no\/wp-content\/uploads\/2023\/06\/Proshop-inne-1-768x352.jpg 768w, https:\/\/egersund-golfklubb.no\/wp-content\/uploads\/2023\/06\/Proshop-inne-1-1536x704.jpg 1536w, https:\/\/egersund-golfklubb.no\/wp-content\/uploads\/2023\/06\/Proshop-inne-1-2048x939.jpg 2048w\" sizes=\"auto, (max-width: 300px) 100vw, 300px\" \/><img loading=\"lazy\" decoding=\"async\" class=\"alignnone size-medium wp-image-5338\" src=\"https:\/\/egersund-golfklubb.no\/wp-content\/uploads\/2023\/06\/Skjermbilde-2023-06-04-kl.-12.46.12-300x137.png\" alt=\"\" width=\"300\" height=\"137\" srcset=\"https:\/\/egersund-golfklubb.no\/wp-content\/uploads\/2023\/06\/Skjermbilde-2023-06-04-kl.-12.46.12-300x137.png 300w, https:\/\/egersund-golfklubb.no\/wp-content\/uploads\/2023\/06\/Skjermbilde-2023-06-04-kl.-12.46.12-600x275.png 600w, https:\/\/egersund-golfklubb.no\/wp-content\/uploads\/2023\/06\/Skjermbilde-2023-06-04-kl.-12.46.12-1024x469.png 1024w, https:\/\/egersund-golfklubb.no\/wp-content\/uploads\/2023\/06\/Skjermbilde-2023-06-04-kl.-12.46.12-768x351.png 768w, https:\/\/egersund-golfklubb.no\/wp-content\/uploads\/2023\/06\/Skjermbilde-2023-06-04-kl.-12.46.12-1536x703.png 1536w, https:\/\/egersund-golfklubb.no\/wp-content\/uploads\/2023\/06\/Skjermbilde-2023-06-04-kl.-12.46.12.png 1744w\" sizes=\"auto, (max-width: 300px) 100vw, 300px\" \/><\/td>\n<\/tr>\n<\/tbody>\n<\/table>\n<p>I kiosken kan det betales med kontanter, kort og Vipps (nr, #120120).<br \/>\n<em>NB: Husk at banespill skal bestilles i Golfbox.<\/em><\/p>\n<h1><strong>Informasjon<\/strong><\/h1>\n<p>Egersund Golfklubb sin golfbane ligger i vakker typisk Dalane-natur med lynghei og sm\u00e5 nakne fjell p\u00e5 Maurholen ved Hellvik, ca 10 km nord for Egersund. F\u00f8lg Fv44<\/p>\n<table>\n<tbody>\n<tr>\n<td style=\"width: 60%;\">Det er en 9-hulls bane, par 35\/70<\/p>\n<p>Banen har 3 teesteder pr hull:<\/p>\n<table>\n<tbody>\n<tr>\n<td>Hvit:<\/td>\n<td style=\"width: 70%;\">Lengde 2622\/5244 m (9\/18 hull)<\/td>\n<\/tr>\n<tr>\n<td>Gult:<\/td>\n<td>Lengde 2477\/4954 m (9\/18 hull)<\/td>\n<\/tr>\n<tr>\n<td>R\u00f8dt:<\/td>\n<td>Lengde 2301\/4602 m (9\/18 hull)<\/td>\n<\/tr>\n<tr>\n<td>Hvit\/R\u00f8dt*<\/td>\n<td>Lengde 4923 m (18 hull)<\/td>\n<\/tr>\n<\/tbody>\n<\/table>\n<p>*Banen er ogs\u00e5 slopet for \u00e5 spille 9 hull p\u00e5 hvite utslag, og 9 hull p\u00e5 r\u00f8de utslag<\/p>\n<p>P\u00e5 driving range har vi 8 b\u00e5ser under tak, og 6 b\u00e5ser uten tak.<\/p>\n<p>Putting green.<\/p>\n<p>Chipping green og trenings sandbunker<\/p>\n<p>3-hulls chip og putt treningsbane<\/td>\n<td><\/td>\n<\/tr>\n<\/tbody>\n<\/table>\n","protected":false},"excerpt":{"rendered":"<p>Kiosk og \u00c5pningstider Kioskens \u00e5pningstider i 2025-sesongen April \u2013 September\/Oktober Mandag \u2013 torsdag: kl 16.00 \u2013 18.30 Fredag: Stengt L\u00f8rdag: kl. 09.00-15.00 S\u00f8ndag: kl. 09.00-17.00 I kiosken kan det bl.a. kj\u00f8pes brus, kaffe, is, sjokolade og noe frossen mat som kan varmes i mikrob\u00f8lgeovn. Golfutstyr som baller, pegger, hansker og noen komplette golfsett. Ved kiosken &#8230;<\/p>\n","protected":false},"author":1,"featured_media":0,"parent":0,"menu_order":0,"comment_status":"closed","ping_status":"closed","template":"","meta":{"jetpack_post_was_ever_published":false,"footnotes":""},"class_list":["post-5308","page","type-page","status-publish","hentry"],"jetpack_sharing_enabled":true,"jetpack_shortlink":"https:\/\/wp.me\/P8Sl8t-1nC","_links":{"self":[{"href":"https:\/\/egersund-golfklubb.no\/index.php?rest_route=\/wp\/v2\/pages\/5308","targetHints":{"allow":["GET"]}}],"collection":[{"href":"https:\/\/egersund-golfklubb.no\/index.php?rest_route=\/wp\/v2\/pages"}],"about":[{"href":"https:\/\/egersund-golfklubb.no\/index.php?rest_route=\/wp\/v2\/types\/page"}],"author":[{"embeddable":true,"href":"https:\/\/egersund-golfklubb.no\/index.php?rest_route=\/wp\/v2\/users\/1"}],"replies":[{"embeddable":true,"href":"https:\/\/egersund-golfklubb.no\/index.php?rest_route=%2Fwp%2Fv2%2Fcomments&post=5308"}],"version-history":[{"count":22,"href":"https:\/\/egersund-golfklubb.no\/index.php?rest_route=\/wp\/v2\/pages\/5308\/revisions"}],"predecessor-version":[{"id":13231,"href":"https:\/\/egersund-golfklubb.no\/index.php?rest_route=\/wp\/v2\/pages\/5308\/revisions\/13231"}],"wp:attachment":[{"href":"https:\/\/egersund-golfklubb.no\/index.php?rest_route=%2Fwp%2Fv2%2Fmedia&parent=5308"}],"curies":[{"name":"wp","href":"https:\/\/api.w.org\/{rel}","templated":true}]}}