{"id":2528,"date":"2017-03-26T06:20:29","date_gmt":"2017-03-26T06:20:29","guid":{"rendered":"http:\/\/egersund-golfklubb.no\/?page_id=2528"},"modified":"2025-03-26T11:41:52","modified_gmt":"2025-03-26T09:41:52","slug":"3-klubb","status":"publish","type":"page","link":"https:\/\/egersund-golfklubb.no\/?page_id=2528","title":{"rendered":"3 klubb"},"content":{"rendered":"<p>Egersund GK, J\u00e6ren GK og Ogna GK har en 3-klubb avtale der medlemmer fra de respektive klubbene kan spille p\u00e5 hverandres baner til redusert greenfee-pris. For \u00e5 finne disse prisene; se p\u00e5 den enkelte bane sine hjemmesider.<\/p>\n<table>\n<tbody>\n<tr>\n<td><img loading=\"lazy\" decoding=\"async\" class=\"alignnone size-medium wp-image-5002\" src=\"https:\/\/egersund-golfklubb.no\/wp-content\/uploads\/2022\/04\/JaerenGolfklubblogo2020-300x55.png\" alt=\"\" width=\"300\" height=\"55\" srcset=\"https:\/\/egersund-golfklubb.no\/wp-content\/uploads\/2022\/04\/JaerenGolfklubblogo2020-300x55.png 300w, https:\/\/egersund-golfklubb.no\/wp-content\/uploads\/2022\/04\/JaerenGolfklubblogo2020-600x110.png 600w, https:\/\/egersund-golfklubb.no\/wp-content\/uploads\/2022\/04\/JaerenGolfklubblogo2020-1024x188.png 1024w, https:\/\/egersund-golfklubb.no\/wp-content\/uploads\/2022\/04\/JaerenGolfklubblogo2020-768x141.png 768w, https:\/\/egersund-golfklubb.no\/wp-content\/uploads\/2022\/04\/JaerenGolfklubblogo2020.png 1500w\" sizes=\"auto, (max-width: 300px) 100vw, 300px\" \/><\/td>\n<td><img loading=\"lazy\" decoding=\"async\" class=\"alignnone wp-image-5001\" src=\"https:\/\/egersund-golfklubb.no\/wp-content\/uploads\/2022\/04\/ogna-gk.png\" alt=\"\" width=\"117\" height=\"117\" srcset=\"https:\/\/egersund-golfklubb.no\/wp-content\/uploads\/2022\/04\/ogna-gk.png 192w, https:\/\/egersund-golfklubb.no\/wp-content\/uploads\/2022\/04\/ogna-gk-100x100.png 100w, https:\/\/egersund-golfklubb.no\/wp-content\/uploads\/2022\/04\/ogna-gk-150x150.png 150w\" sizes=\"auto, (max-width: 117px) 100vw, 117px\" \/><\/td>\n<td><img loading=\"lazy\" decoding=\"async\" class=\"alignnone wp-image-5000\" src=\"https:\/\/egersund-golfklubb.no\/wp-content\/uploads\/2022\/04\/egk-logo.png\" alt=\"\" width=\"112\" height=\"112\" srcset=\"https:\/\/egersund-golfklubb.no\/wp-content\/uploads\/2022\/04\/egk-logo.png 178w, https:\/\/egersund-golfklubb.no\/wp-content\/uploads\/2022\/04\/egk-logo-100x100.png 100w, https:\/\/egersund-golfklubb.no\/wp-content\/uploads\/2022\/04\/egk-logo-150x150.png 150w\" sizes=\"auto, (max-width: 112px) 100vw, 112px\" \/><\/td>\n<\/tr>\n<\/tbody>\n<\/table>\n<p>&nbsp;<\/p>\n","protected":false},"excerpt":{"rendered":"<p>Egersund GK, J\u00e6ren GK og Ogna GK har en 3-klubb avtale der medlemmer fra de respektive klubbene kan spille p\u00e5 hverandres baner til redusert greenfee-pris. For \u00e5 finne disse prisene; se p\u00e5 den enkelte bane sine hjemmesider. &nbsp;<\/p>\n","protected":false},"author":1,"featured_media":0,"parent":0,"menu_order":0,"comment_status":"closed","ping_status":"closed","template":"","meta":{"jetpack_post_was_ever_published":false,"footnotes":""},"class_list":["post-2528","page","type-page","status-publish","hentry"],"jetpack_sharing_enabled":true,"jetpack_shortlink":"https:\/\/wp.me\/P8Sl8t-EM","_links":{"self":[{"href":"https:\/\/egersund-golfklubb.no\/index.php?rest_route=\/wp\/v2\/pages\/2528","targetHints":{"allow":["GET"]}}],"collection":[{"href":"https:\/\/egersund-golfklubb.no\/index.php?rest_route=\/wp\/v2\/pages"}],"about":[{"href":"https:\/\/egersund-golfklubb.no\/index.php?rest_route=\/wp\/v2\/types\/page"}],"author":[{"embeddable":true,"href":"https:\/\/egersund-golfklubb.no\/index.php?rest_route=\/wp\/v2\/users\/1"}],"replies":[{"embeddable":true,"href":"https:\/\/egersund-golfklubb.no\/index.php?rest_route=%2Fwp%2Fv2%2Fcomments&post=2528"}],"version-history":[{"count":11,"href":"https:\/\/egersund-golfklubb.no\/index.php?rest_route=\/wp\/v2\/pages\/2528\/revisions"}],"predecessor-version":[{"id":13232,"href":"https:\/\/egersund-golfklubb.no\/index.php?rest_route=\/wp\/v2\/pages\/2528\/revisions\/13232"}],"wp:attachment":[{"href":"https:\/\/egersund-golfklubb.no\/index.php?rest_route=%2Fwp%2Fv2%2Fmedia&parent=2528"}],"curies":[{"name":"wp","href":"https:\/\/api.w.org\/{rel}","templated":true}]}}