{"id":1691,"date":"2016-03-02T10:44:23","date_gmt":"2016-03-02T10:44:23","guid":{"rendered":"http:\/\/egersund-golfklubb.no\/?page_id=1691"},"modified":"2026-03-12T10:46:03","modified_gmt":"2026-03-12T08:46:03","slug":"medlemskap","status":"publish","type":"page","link":"https:\/\/egersund-golfklubb.no\/?page_id=1691","title":{"rendered":"Medlemskap"},"content":{"rendered":"<p>Egersund golfklubb tilbyr flere ulike typer medlemskap. Vi h\u00e5per du finner et som passer for deg, slik at du kan bli medlem hos oss!<\/p>\n<p><strong>Videre minner vi om at alle som gjennomf\u00f8rer &laquo;Veien til golf&raquo; kurs kan v\u00e6re veien til golf medlem med fri spillerett ut hele den sesongen de tar kurset. Dette medlemskapet koster bare 1700,- og er et kanontilbud til nye golfere!<\/strong><\/p>\n<p>For sesongen 2026 gjelder f\u00f8lgende priser (m\u00e5nedsbetaling forutsetter 12 m\u00e5neders binding):<\/p>\n\n<table id=\"tablepress-16\" class=\"tablepress tablepress-id-16\">\n<tbody class=\"row-striping row-hover\">\n<tr class=\"row-1\">\n\t<td class=\"column-1\">Barn og Ungdom 0-15 \u00e5r (F\u00f8dsels\u00e5r f.o.m 2011 - t.om 2026) *<\/td><td class=\"column-2\">kr. 500,-<\/td>\n<\/tr>\n<tr class=\"row-2\">\n\t<td class=\"column-1\">Junior 16-19  (F\u00f8dsels\u00e5r f.o.m 2007 - t.o.m 2010) *<\/td><td class=\"column-2\">kr. 900,-<\/td>\n<\/tr>\n<tr class=\"row-3\">\n\t<td class=\"column-1\">Ung 20-24 (F\u00f8dsels\u00e5r f.o.m 2002 - t.o.m 2006)<\/td><td class=\"column-2\">kr. 1700,-<\/td>\n<\/tr>\n<tr class=\"row-4\">\n\t<td class=\"column-1\">Ung voksen 25-29 (F\u00f8dsels\u00e5r 1997 - t.o.m 2001)<\/td><td class=\"column-2\">kr. 3500,-<\/td>\n<\/tr>\n<tr class=\"row-5\">\n\t<td class=\"column-1\">M\u00e5nedsbetaling<\/td><td class=\"column-2\">kr. 330,-<\/td>\n<\/tr>\n<tr class=\"row-6\">\n\t<td class=\"column-1\">Hovedmedlem 30+ (F\u00f8dsels\u00e5r 1996 og eldre)<\/td><td class=\"column-2\">kr. 5200,-<\/td>\n<\/tr>\n<tr class=\"row-7\">\n\t<td class=\"column-1\">M\u00e5nedsbetaling<\/td><td class=\"column-2\">kr. 490,-<\/td>\n<\/tr>\n<tr class=\"row-8\">\n\t<td class=\"column-1\">Ektefelle\/Samboer<\/td><td class=\"column-2\">kr. 3500,-<\/td>\n<\/tr>\n<tr class=\"row-9\">\n\t<td class=\"column-1\">M\u00e5nedsbetaling<\/td><td class=\"column-2\">kr. 330,-<\/td>\n<\/tr>\n<tr class=\"row-10\">\n\t<td class=\"column-1\">Greenfee medlem<\/td><td class=\"column-2\">kr. 1900,-<\/td>\n<\/tr>\n<tr class=\"row-11\">\n\t<td class=\"column-1\">VTG (kurs\u00e5ret)**<\/td><td class=\"column-2\">kr. 1700,-<\/td>\n<\/tr>\n<tr class=\"row-12\">\n\t<td class=\"column-1\">VTG+1 (1. \u00e5ret etter avholdt kurs)**<\/td><td class=\"column-2\">kr. 2900,-<\/td>\n<\/tr>\n<tr class=\"row-13\">\n\t<td class=\"column-1\">M\u00e5nedsbetaling<\/td><td class=\"column-2\">kr. 290,-<\/td>\n<\/tr>\n<\/tbody>\n<\/table>\n\n<p>* Gjelder hjemmeboende og hytteboende i Dalane<\/p>\n<p>**Forutsetter at kurs er tatt gjennom Egersund GK<\/p>\n<div id=\"vfb-form-2\" class=\"visual-form-builder-container\"><form id=\"innmelding-2\" class=\"visual-form-builder vfb-form-2 \" method=\"post\" enctype=\"multipart\/form-data\">\n\t  \t<input type=\"hidden\" name=\"form_id\" value=\"2\" \/><fieldset class=\"vfb-fieldset vfb-fieldset-1 innmeldingsskjema \" id=\"item-vfb-11\"><div class=\"vfb-legend\"><h3>Innmeldingsskjema<\/h3><\/div><ul class=\"vfb-section vfb-section-1\"><li class=\"vfb-item vfb-item-text  \" id=\"item-vfb-15\"><label for=\"vfb-15\" class=\"vfb-desc\">Fornavn  <span class=\"vfb-required-asterisk\">*<\/span><\/label><input type=\"text\" name=\"vfb-15\" id=\"vfb-15\" value=\"\" class=\"vfb-text  vfb-medium  required  \" \/><\/li><li class=\"vfb-item vfb-item-text  \" id=\"item-vfb-16\"><label for=\"vfb-16\" class=\"vfb-desc\">Etternavn  <span class=\"vfb-required-asterisk\">*<\/span><\/label><input type=\"text\" name=\"vfb-16\" id=\"vfb-16\" value=\"\" class=\"vfb-text  vfb-medium  required  \" \/><\/li><li class=\"vfb-item vfb-item-date  \" id=\"item-vfb-20\"><label for=\"vfb-20\" class=\"vfb-desc\">F\u00f8dselsdato  <span class=\"vfb-required-asterisk\">*<\/span><\/label><input type=\"text\" name=\"vfb-20\" id=\"vfb-20\" value=\"dd\/mm\/yy\" class=\"vfb-text vfb-date-picker  vfb-medium  required \" data-dp-dateFormat=\"dd\/mm\/yy\" \/><\/li><li class=\"vfb-item vfb-item-text  \" id=\"item-vfb-52\"><label for=\"vfb-52\" class=\"vfb-desc\">Gatenavn nr  <span class=\"vfb-required-asterisk\">*<\/span><\/label><span class=\"vfb-span\"><input type=\"text\" name=\"vfb-52\" id=\"vfb-52\" value=\"\" class=\"vfb-text  vfb-medium  required  \" \/><label>(Gatenavn, nr)<\/label><\/span><\/li><li class=\"vfb-item vfb-item-text  \" id=\"item-vfb-55\"><label for=\"vfb-55\" class=\"vfb-desc\">Postnummer  <span class=\"vfb-required-asterisk\">*<\/span><\/label><span class=\"vfb-span\"><input type=\"text\" name=\"vfb-55\" id=\"vfb-55\" value=\"\" class=\"vfb-text  vfb-medium  required  \" \/><label>Postnummer<\/label><\/span><\/li><li class=\"vfb-item vfb-item-text  \" id=\"item-vfb-56\"><label for=\"vfb-56\" class=\"vfb-desc\">Sted  <span class=\"vfb-required-asterisk\">*<\/span><\/label><span class=\"vfb-span\"><input type=\"text\" name=\"vfb-56\" id=\"vfb-56\" value=\"\" class=\"vfb-text  vfb-medium  required  \" \/><label>Sted<\/label><\/span><\/li><li class=\"vfb-item vfb-item-phone  \" id=\"item-vfb-27\"><label for=\"vfb-27\" class=\"vfb-desc\">Telefonnummer <\/label><input type=\"tel\" name=\"vfb-27\" id=\"vfb-27\" value=\"+47 987 65 432\" class=\"vfb-text  vfb-medium   phone \" \/><\/li><li class=\"vfb-item vfb-item-email  \" id=\"item-vfb-25\"><label for=\"vfb-25\" class=\"vfb-desc\">Epost <\/label><input type=\"email\" name=\"vfb-25\" id=\"vfb-25\" value=\"\" class=\"vfb-text  vfb-medium   email \" \/><\/li><li class=\"vfb-item vfb-item-radio  \" id=\"item-vfb-28\"><label class=\"vfb-desc\">Medlem i annen klubb?  <span class=\"vfb-required-asterisk\">*<\/span><\/label><div><span class=\"vfb-span\"><input type=\"radio\" name=\"vfb-28\" id=\"vfb-28-1\" value=\"Ja\" class=\"vfb-radio  required \" \/><label for=\"vfb-28-1\" class=\"vfb-choice\">Ja<\/label><\/span><span class=\"vfb-span\"><input type=\"radio\" name=\"vfb-28\" id=\"vfb-28-2\" value=\"Nei\" class=\"vfb-radio  required \" \/><label for=\"vfb-28-2\" class=\"vfb-choice\">Nei<\/label><\/span><div style=\"clear:both\"><\/div><\/div><\/li><li class=\"vfb-item vfb-item-text  \" id=\"item-vfb-29\"><label for=\"vfb-29\" class=\"vfb-desc\">Hvis ja, hvilken klubb? NB: Husk medlemsnr <\/label><input type=\"text\" name=\"vfb-29\" id=\"vfb-29\" value=\"\" class=\"vfb-text  vfb-medium   \" \/><\/li><li class=\"vfb-item vfb-item-number  \" id=\"item-vfb-31\"><label for=\"vfb-31\" class=\"vfb-desc\">N\u00e5v\u00e6rende Handicap <\/label><input type=\"text\" name=\"vfb-31\" id=\"vfb-31\" value=\"54\" class=\"vfb-text  vfb-medium   digits \" \/><\/li><li class=\"vfb-item vfb-item-select  \" id=\"item-vfb-32\"><label for=\"vfb-32\" class=\"vfb-desc\">\u00d8nsket medlemskap  <span class=\"vfb-required-asterisk\">*<\/span><\/label><select name=\"vfb-32\" id=\"vfb-32\" class=\"vfb-select  vfb-medium  required \"><option value=\"Barn og ungdom 0-15\" selected='selected'>Barn og ungdom 0-15<\/option><option value=\"Junior 16-19\">Junior 16-19<\/option><option value=\"Ung 20-24\">Ung 20-24<\/option><option value=\"Ung voksen 25-29\">Ung voksen 25-29<\/option><option value=\"Hovedmedlem 30+\">Hovedmedlem 30+<\/option><option value=\"Hovedmedlem ektefelle\/samboer\">Hovedmedlem ektefelle\/samboer<\/option><option value=\"Greenfee medlemskap\">Greenfee medlemskap<\/option><option value=\"VTG (kurs\u00e5ret)\">VTG (kurs\u00e5ret)<\/option><option value=\"VTG+1 (1. \u00e5ret etter avholdt kurs)\">VTG+1 (1. \u00e5ret etter avholdt kurs)<\/option><\/select><\/li><\/ul>&nbsp;<\/fieldset><fieldset class=\"vfb-fieldset vfb-fieldset-2 verifikasjon \" id=\"item-vfb-12\" style=\"display:block\"><div class=\"vfb-legend\"><h3>Verifikasjon<\/h3><\/div><ul class=\"vfb-section vfb-section-2\"><li class=\"vfb-item vfb-item-secret\"  style=\"display:block\"><label for=\"vfb-13\" class=\"vfb-desc\">Please enter any two digits <span class=\"vfb-required-asterisk\">*<\/span><\/label><input type=\"hidden\" name=\"_vfb-secret\" value=\"vfb-13\" \/><span class=\"vfb-span\"><input type=\"text\" name=\"vfb-13\" id=\"vfb-13\" value=\"\" class=\"vfb-text  vfb-medium  required {digits:true,maxlength:2,minlength:2} \" style=\"display:block\" \/><label>Example: 12<\/label><\/span><li style=\"display:none;\"><label>This box is for spam protection - &lt;strong&gt;please leave it blank&lt;\/strong&gt;:<\/label><div><input name=\"vfb-spam\" \/><\/div><\/li>\n\t\t\t<li class=\"vfb-item vfb-item-submit\" id=\"item-vfb-14\">\n\t\t\t\t<input type=\"submit\" name=\"vfb-submit\" id=\"vfb-14\" value=\"Submit\" class=\"vfb-submit \" \/>\n\t\t\t\t<\/li><\/ul>\n\t\t\t<\/fieldset><input type=\"hidden\" name=\"_wp_http_referer\" value=\"\/index.php?rest_route=%2Fwp%2Fv2%2Fpages%2F1691\" \/><\/form><\/div> <!-- .visual-form-builder-container -->\n<p>&nbsp;<\/p>\n","protected":false},"excerpt":{"rendered":"<p>Egersund golfklubb tilbyr flere ulike typer medlemskap. Vi h\u00e5per du finner et som passer for deg, slik at du kan bli medlem hos oss! Videre minner vi om at alle som gjennomf\u00f8rer &laquo;Veien til golf&raquo; kurs kan v\u00e6re veien til golf medlem med fri spillerett ut hele den sesongen de tar kurset. Dette medlemskapet koster &#8230;<\/p>\n","protected":false},"author":1,"featured_media":0,"parent":0,"menu_order":0,"comment_status":"closed","ping_status":"closed","template":"","meta":{"jetpack_post_was_ever_published":false,"footnotes":""},"class_list":["post-1691","page","type-page","status-publish","hentry"],"jetpack_sharing_enabled":true,"jetpack_shortlink":"https:\/\/wp.me\/P8Sl8t-rh","_links":{"self":[{"href":"https:\/\/egersund-golfklubb.no\/index.php?rest_route=\/wp\/v2\/pages\/1691","targetHints":{"allow":["GET"]}}],"collection":[{"href":"https:\/\/egersund-golfklubb.no\/index.php?rest_route=\/wp\/v2\/pages"}],"about":[{"href":"https:\/\/egersund-golfklubb.no\/index.php?rest_route=\/wp\/v2\/types\/page"}],"author":[{"embeddable":true,"href":"https:\/\/egersund-golfklubb.no\/index.php?rest_route=\/wp\/v2\/users\/1"}],"replies":[{"embeddable":true,"href":"https:\/\/egersund-golfklubb.no\/index.php?rest_route=%2Fwp%2Fv2%2Fcomments&post=1691"}],"version-history":[{"count":23,"href":"https:\/\/egersund-golfklubb.no\/index.php?rest_route=\/wp\/v2\/pages\/1691\/revisions"}],"predecessor-version":[{"id":14582,"href":"https:\/\/egersund-golfklubb.no\/index.php?rest_route=\/wp\/v2\/pages\/1691\/revisions\/14582"}],"wp:attachment":[{"href":"https:\/\/egersund-golfklubb.no\/index.php?rest_route=%2Fwp%2Fv2%2Fmedia&parent=1691"}],"curies":[{"name":"wp","href":"https:\/\/api.w.org\/{rel}","templated":true}]}}