{"id":13234,"date":"2025-03-26T13:09:17","date_gmt":"2025-03-26T11:09:17","guid":{"rendered":"https:\/\/egersund-golfklubb.no\/?page_id=13234"},"modified":"2025-03-26T13:13:01","modified_gmt":"2025-03-26T11:13:01","slug":"retningslinjer-spill","status":"publish","type":"page","link":"https:\/\/egersund-golfklubb.no\/?page_id=13234","title":{"rendered":"Retningslinjer &#8211; spill"},"content":{"rendered":"<p><strong><u>\u00abHusregler\u00bb som gjelder for spill i Maurholen Golfpark!<\/u><\/strong><\/p>\n<ul>\n<li>Alle spillere som spiller Maurholen Golfpark skal ha lagt seg inn i Golfbox for spill. Betaling skjer gjennom online bestilling i Golfbox.<\/li>\n<li>Har du Golfamore-heftet, M\u00c5 du bestille tid hos oss gjennom stasjon\u00e6r PC som st\u00e5r i klubbhuset for \u00e5 f\u00e5 rabatt. Betaling skjer da i kasse i kiosken, eller via Vipps #120120<\/li>\n<li>Gjestespillere fra land som ikke er knyttet til Golfbox, m\u00e5 bestille tid direkte i proshoppen ved oppm\u00f8te. Betales kontant\/kort.<\/li>\n<li>Enhver spiller som spiller p\u00e5 hovedbanen skal ha sitt eget golfsett.<\/li>\n<li>Alle spillere \u2013 utenom egne hovedmedlemmer \u2013 skal skrive seg inn i gjesteboka hver gang en spiller golf i Maurholen Golfpark.<\/li>\n<li>For \u00e5 sikre god flyt p\u00e5 banen, slipper en de som spiller raskere enn deg selv igjennom.<\/li>\n<li>Som p\u00e5 alle baner der en spiller golf, tar en ogs\u00e5 hos oss vare p\u00e5 banen ved \u00e5 <strong><em>\u00abLegge p\u00e5 plass oppsl\u00e5tte divots\u00bb<\/em><\/strong>, samt <strong><em>\u00abAt en fikser eget og andres nedslagsmerke p\u00e5 greenen\u00bb<\/em><\/strong>.<\/li>\n<li>Vi spiller ikke mer enn 4 spillere i samme flight.<\/li>\n<li>Hos oss har selvf\u00f8lgelig en spiller med 54 i handikapp samme verdi og samme rettigheter p\u00e5 banen som en scratch-spiller.<\/li>\n<li>En spiller ALDRI med rangeballer!<\/li>\n<\/ul>\n<p>&nbsp;<\/p>\n<p><strong>Vi \u00f8nsker deg en fortreffelig runde golf, p\u00e5 en av Norges aller vakreste 9-hulls golfbaner!<\/strong><\/p>\n","protected":false},"excerpt":{"rendered":"<p>\u00abHusregler\u00bb som gjelder for spill i Maurholen Golfpark! Alle spillere som spiller Maurholen Golfpark skal ha lagt seg inn i Golfbox for spill. Betaling skjer gjennom online bestilling i Golfbox. Har du Golfamore-heftet, M\u00c5 du bestille tid hos oss gjennom stasjon\u00e6r PC som st\u00e5r i klubbhuset for \u00e5 f\u00e5 rabatt. Betaling skjer da i kasse &#8230;<\/p>\n","protected":false},"author":13,"featured_media":0,"parent":0,"menu_order":0,"comment_status":"closed","ping_status":"closed","template":"","meta":{"jetpack_post_was_ever_published":false,"footnotes":""},"class_list":["post-13234","page","type-page","status-publish","hentry"],"jetpack_sharing_enabled":true,"jetpack_shortlink":"https:\/\/wp.me\/P8Sl8t-3rs","_links":{"self":[{"href":"https:\/\/egersund-golfklubb.no\/index.php?rest_route=\/wp\/v2\/pages\/13234","targetHints":{"allow":["GET"]}}],"collection":[{"href":"https:\/\/egersund-golfklubb.no\/index.php?rest_route=\/wp\/v2\/pages"}],"about":[{"href":"https:\/\/egersund-golfklubb.no\/index.php?rest_route=\/wp\/v2\/types\/page"}],"author":[{"embeddable":true,"href":"https:\/\/egersund-golfklubb.no\/index.php?rest_route=\/wp\/v2\/users\/13"}],"replies":[{"embeddable":true,"href":"https:\/\/egersund-golfklubb.no\/index.php?rest_route=%2Fwp%2Fv2%2Fcomments&post=13234"}],"version-history":[{"count":2,"href":"https:\/\/egersund-golfklubb.no\/index.php?rest_route=\/wp\/v2\/pages\/13234\/revisions"}],"predecessor-version":[{"id":13242,"href":"https:\/\/egersund-golfklubb.no\/index.php?rest_route=\/wp\/v2\/pages\/13234\/revisions\/13242"}],"wp:attachment":[{"href":"https:\/\/egersund-golfklubb.no\/index.php?rest_route=%2Fwp%2Fv2%2Fmedia&parent=13234"}],"curies":[{"name":"wp","href":"https:\/\/api.w.org\/{rel}","templated":true}]}}