{"id":12875,"date":"2024-11-13T18:56:10","date_gmt":"2024-11-13T16:56:10","guid":{"rendered":"https:\/\/egersund-golfklubb.no\/?page_id=12875"},"modified":"2024-11-13T18:56:10","modified_gmt":"2024-11-13T16:56:10","slug":"golfsimulator-verdt-a-vite","status":"publish","type":"page","link":"https:\/\/egersund-golfklubb.no\/?page_id=12875","title":{"rendered":"Golfsimulator &#8211; &laquo;Verdt \u00e5 vite&raquo;"},"content":{"rendered":"<p><strong>\u00abVerdt \u00e5 vite\u00bb n\u00e5r du skal spille i Egersund Golfklubb sin golfsimulatoren p\u00e5 Jernbaneveien i Egersund!<\/strong><\/p>\n<p><strong>\u00a0<\/strong><\/p>\n<ul>\n<li>Skal du bestille tid hos oss, er den kanskje enkleste veien \u00e5 bestille via v\u00e5re nettsider www.egersund-golfklubb.no. G\u00e5 videre inn p\u00e5 fanen \u00abGolfsimulator\u00bb og videre i linken \u00abBooking\u00bb. Fra der h\u00e5per vi det er rimelig selvinstruerende \u00e5 bestille tid.<\/li>\n<\/ul>\n<p>&nbsp;<\/p>\n<ul>\n<li>N\u00e5r du har bestilt tid, vil du automatisk motta en mail der du f\u00e5r to sett med koder. Disse kodene vil du ogs\u00e5 finne i Trackman-appen, dersom du trykker p\u00e5 \u00abMe\u00bb og videre trykker p\u00e5 \u00abMy bookings\u00bb i skjermbildet.<\/li>\n<\/ul>\n<p>&nbsp;<\/p>\n<ul>\n<li>Den 6-sifrede koden bruker du til \u00e5 komme deg inn i lokalet via kodepanel som henger rett p\u00e5 utsiden av inngangsd\u00f8ra. Husk \u00e5 taste \u00abEnter\u00bb (pil til h\u00f8yre, nederst til h\u00f8yre p\u00e5 kodetastaturet) etter at du har sl\u00e5tt inn de 6 sifrene.<\/li>\n<\/ul>\n<p>&nbsp;<\/p>\n<ul>\n<li>Kode til inngangsd\u00f8r aktiveres 5 minutter f\u00f8r du har bestilt time(r). Kommer du f\u00f8r, m\u00e5 du vente p\u00e5 utsida til det er 5 minutter igjen til du skal spille. Dette er gjort for \u00e5 \u00abbeskytte\u00bb tida til de som har spilletid inne i simulatoren.<\/li>\n<\/ul>\n<p>&nbsp;<\/p>\n<ul>\n<li>N\u00e5r du er inne i lokalet, kan du taste inn den 4-sifrede koden p\u00e5 skjermen, og begynne \u00e5 spille, 5 minutter f\u00f8r det er din tur, men dette gjelder <strong><u>KUN<\/u><\/strong> dersom det <u>ikke<\/u> er folk som spiller p\u00e5 banen f\u00f8r deg. Er det spillere som spiller f\u00f8r deg, g\u00e5r tida ut p\u00e5 slaget n\u00e5r det er din tur \u00e5 spille.\u00a0 Ditt spill avsluttes ogs\u00e5 automatisk n\u00e5r di tid g\u00e5r ut.<\/li>\n<\/ul>\n<p>&nbsp;<\/p>\n<ul>\n<li>Finner du ut underveis i spillet at du \u00f8nsker \u00e5 spille lengre enn det du opprinnelig har bestilt \u2013 og det er ledig etter deg p\u00e5 samme bane \u2013 er det fullt mulig \u00e5 gj\u00f8re det! Da m\u00e5 du bare huske \u00e5 bestille en ekstra time <strong><u>F\u00d8R<\/u><\/strong> tida di g\u00e5r ut.\u00a0 Bestiller du en ekstra time f\u00f8r tida har g\u00e5tt ut, spiller du bare videre n\u00e5r den opprinnelige tida har g\u00e5tt ut.<\/li>\n<\/ul>\n<p>&nbsp;<\/p>\n<ul>\n<li>Er du den f\u00f8rste spilleren som skal spille p\u00e5 dagen, m\u00e5 du starte opp maskinen du skal spille p\u00e5, n\u00e5r du ankommer simulatoren.\u00a0 Da trykker du bare p\u00e5 den store, r\u00f8de, \u00abatomknappen\u00bb som er p\u00e5 benken ved tastaturet.\u00a0 S\u00e5 fikser alt seg selv.<\/li>\n<\/ul>\n<p>&nbsp;<\/p>\n<ul>\n<li>En sjelden gang kan du v\u00e6re uheldig, og oppleve at alt g\u00e5r i frys eller l\u00e5ser seg. Da restarter du bare ved \u00e5 trykke AV en gang p\u00e5 den store \u00abatomknappen\u00bb &#8211; vente til alt har sl\u00e5tt seg av \u2013 og s\u00e5 trykke P\u00c5 igjen p\u00e5 den samme \u00abatomknappen.\u00bb<\/li>\n<\/ul>\n<p>&nbsp;<\/p>\n<ul>\n<li>Trenger du hjelp med noe, eller lurer p\u00e5 noe, ta kontakt med Geir \u00d8ystein p\u00e5 Tlf. 45 86 66 67 eller med Svein p\u00e5 Tlf. 45 86 87 87.<\/li>\n<\/ul>\n<p>&nbsp;<\/p>\n<p><strong><u>HUSK: <\/u><\/strong><\/p>\n<p><strong>Vi har ikke st\u00e5ende golfk\u00f8ller til utl\u00e5ns i lokalet.\u00a0 Derfor m\u00e5 minimum en av spillerne som skal spille ha med seg eget golfutstyr. <\/strong><\/p>\n<p><strong>Rene, tusjfrie og ripefrie baller, samt rene golfk\u00f8ller er en selvf\u00f8lge n\u00e5r en spiller i v\u00e5r golfsimulator!<\/strong><\/p>\n","protected":false},"excerpt":{"rendered":"<p>\u00abVerdt \u00e5 vite\u00bb n\u00e5r du skal spille i Egersund Golfklubb sin golfsimulatoren p\u00e5 Jernbaneveien i Egersund! \u00a0 Skal du bestille tid hos oss, er den kanskje enkleste veien \u00e5 bestille via v\u00e5re nettsider www.egersund-golfklubb.no. G\u00e5 videre inn p\u00e5 fanen \u00abGolfsimulator\u00bb og videre i linken \u00abBooking\u00bb. Fra der h\u00e5per vi det er rimelig selvinstruerende \u00e5 bestille &#8230;<\/p>\n","protected":false},"author":3,"featured_media":0,"parent":0,"menu_order":0,"comment_status":"closed","ping_status":"closed","template":"","meta":{"jetpack_post_was_ever_published":false,"footnotes":""},"class_list":["post-12875","page","type-page","status-publish","hentry"],"jetpack_sharing_enabled":true,"jetpack_shortlink":"https:\/\/wp.me\/P8Sl8t-3lF","_links":{"self":[{"href":"https:\/\/egersund-golfklubb.no\/index.php?rest_route=\/wp\/v2\/pages\/12875","targetHints":{"allow":["GET"]}}],"collection":[{"href":"https:\/\/egersund-golfklubb.no\/index.php?rest_route=\/wp\/v2\/pages"}],"about":[{"href":"https:\/\/egersund-golfklubb.no\/index.php?rest_route=\/wp\/v2\/types\/page"}],"author":[{"embeddable":true,"href":"https:\/\/egersund-golfklubb.no\/index.php?rest_route=\/wp\/v2\/users\/3"}],"replies":[{"embeddable":true,"href":"https:\/\/egersund-golfklubb.no\/index.php?rest_route=%2Fwp%2Fv2%2Fcomments&post=12875"}],"version-history":[{"count":1,"href":"https:\/\/egersund-golfklubb.no\/index.php?rest_route=\/wp\/v2\/pages\/12875\/revisions"}],"predecessor-version":[{"id":12876,"href":"https:\/\/egersund-golfklubb.no\/index.php?rest_route=\/wp\/v2\/pages\/12875\/revisions\/12876"}],"wp:attachment":[{"href":"https:\/\/egersund-golfklubb.no\/index.php?rest_route=%2Fwp%2Fv2%2Fmedia&parent=12875"}],"curies":[{"name":"wp","href":"https:\/\/api.w.org\/{rel}","templated":true}]}}