{"id":1141,"date":"2015-07-30T15:46:47","date_gmt":"2015-07-30T15:46:47","guid":{"rendered":"http:\/\/egersund-golfklubb.no\/?page_id=1141"},"modified":"2015-07-30T15:48:17","modified_gmt":"2015-07-30T15:48:17","slug":"veibeskrivelse","status":"publish","type":"page","link":"https:\/\/egersund-golfklubb.no\/?page_id=1141","title":{"rendered":"Veibeskrivelse"},"content":{"rendered":"<p>Maurholen Golfpark ligger i Maurholen, ved riksveg 44, ca. midtveis mellom Ogna og Egersund. Sving inn p\u00e5 Maurholsveien (skiltet til Maurholen) like nord for Sporavatnet og rett ved kvitsteinsbrudd, 1 km s\u00f8r for Hellvik. Golfbanen ligger p\u00e5 venstre side ca 800m ned Maurholsveien.<\/p>\n<p><em>(Merk: Nederste kart er en forst\u00f8rrelse av det r\u00f8de omr\u00e5det i det \u00f8verste kartet.)<\/em><\/p>\n<p><img decoding=\"async\" title=\"Kart til Maurholen\" src=\"http:\/\/gammel.egersund-golfklubb.no\/images\/stories\/kart.gif\" alt=\"Kart til Maurholen\" border=\"0\" \/><\/p>\n","protected":false},"excerpt":{"rendered":"<p>Maurholen Golfpark ligger i Maurholen, ved riksveg 44, ca. midtveis mellom Ogna og Egersund. Sving inn p\u00e5 Maurholsveien (skiltet til Maurholen) like nord for Sporavatnet og rett ved kvitsteinsbrudd, 1 km s\u00f8r for Hellvik. Golfbanen ligger p\u00e5 venstre side ca 800m ned Maurholsveien. (Merk: Nederste kart er en forst\u00f8rrelse av det r\u00f8de omr\u00e5det i det &#8230;<\/p>\n","protected":false},"author":1,"featured_media":0,"parent":0,"menu_order":0,"comment_status":"open","ping_status":"open","template":"","meta":{"jetpack_post_was_ever_published":false,"footnotes":""},"class_list":["post-1141","page","type-page","status-publish","hentry"],"jetpack_sharing_enabled":true,"jetpack_shortlink":"https:\/\/wp.me\/P8Sl8t-ip","_links":{"self":[{"href":"https:\/\/egersund-golfklubb.no\/index.php?rest_route=\/wp\/v2\/pages\/1141","targetHints":{"allow":["GET"]}}],"collection":[{"href":"https:\/\/egersund-golfklubb.no\/index.php?rest_route=\/wp\/v2\/pages"}],"about":[{"href":"https:\/\/egersund-golfklubb.no\/index.php?rest_route=\/wp\/v2\/types\/page"}],"author":[{"embeddable":true,"href":"https:\/\/egersund-golfklubb.no\/index.php?rest_route=\/wp\/v2\/users\/1"}],"replies":[{"embeddable":true,"href":"https:\/\/egersund-golfklubb.no\/index.php?rest_route=%2Fwp%2Fv2%2Fcomments&post=1141"}],"version-history":[{"count":2,"href":"https:\/\/egersund-golfklubb.no\/index.php?rest_route=\/wp\/v2\/pages\/1141\/revisions"}],"predecessor-version":[{"id":1144,"href":"https:\/\/egersund-golfklubb.no\/index.php?rest_route=\/wp\/v2\/pages\/1141\/revisions\/1144"}],"wp:attachment":[{"href":"https:\/\/egersund-golfklubb.no\/index.php?rest_route=%2Fwp%2Fv2%2Fmedia&parent=1141"}],"curies":[{"name":"wp","href":"https:\/\/api.w.org\/{rel}","templated":true}]}}