{"id":1134,"date":"2015-07-30T15:39:06","date_gmt":"2015-07-30T15:39:06","guid":{"rendered":"http:\/\/egersund-golfklubb.no\/?page_id=1134"},"modified":"2017-04-11T09:10:12","modified_gmt":"2017-04-11T09:10:12","slug":"egersund-open","status":"publish","type":"page","link":"https:\/\/egersund-golfklubb.no\/?page_id=1134","title":{"rendered":"Egersund Open"},"content":{"rendered":"<p><a href=\"http:\/\/egersund-golfklubb.no\/wp-content\/uploads\/2015\/07\/eopenfront.png\"><img loading=\"lazy\" decoding=\"async\" class=\"alignnone size-full wp-image-1199\" src=\"http:\/\/egersund-golfklubb.no\/wp-content\/uploads\/2015\/07\/eopenfront.png\" alt=\"eopenfront\" width=\"600\" height=\"300\" srcset=\"https:\/\/egersund-golfklubb.no\/wp-content\/uploads\/2015\/07\/eopenfront.png 600w, https:\/\/egersund-golfklubb.no\/wp-content\/uploads\/2015\/07\/eopenfront-300x150.png 300w\" sizes=\"auto, (max-width: 600px) 100vw, 600px\" \/><\/a><\/p>\n<p>Egersund Open er den st\u00f8rste turneringen som blir arrangert i Maurholen. B\u00e5de i kvalitet og kvantitet. Den blir arrangert hvert \u00e5r, som regel i april.<br \/>\nF\u00f8rste gang i 2007. De to f\u00f8rste \u00e5rene var det en 18 hulls turnering, mens det fra 2009 ble utvidet til to dagers og 36 hull.<br \/>\nTurneringen samler gode spillere fra store deler av landet. Vanligvis er turneringen s\u00e5 popul\u00e6r at det opereres med ventelister.<br \/>\nEgersund Golfklubb viser med Egersund Open at klubben er kapabel til \u00e5 arrangere kvalitetsturneringer.<\/p>\n<p><strong>Herrer<\/strong><\/p>\n<table>\n<tbody>\n<tr>\n<td><strong>\u00c5r<\/strong><\/td>\n<td><strong>Turneringsnavn\u00a0<\/strong><\/td>\n<td><strong>Herre<\/strong><\/td>\n<td><strong>Klubb\u00a0<\/strong><\/td>\n<td><strong>Resultat\u00a0<\/strong><\/td>\n<td><strong>Link resultater i golfbox<\/strong><\/td>\n<\/tr>\n<tr>\n<td>\u00a02016<\/td>\n<td>\u00a0Hellvik Hus &#8211; Egersund Open<\/td>\n<td>David Segerfeldt<\/td>\n<td>\u00a0Sandnes GK<\/td>\n<td>69-74<\/td>\n<td><a href=\"http:\/\/www.golfbox.no\/app_livescoring\/tour\/?language=1044#\/competition\/603971\/results\" target=\"_blank\">Link til turneringen i golfbox<\/a><\/td>\n<\/tr>\n<tr>\n<td>\u00a02015<\/td>\n<td>Hellvik Hus &#8211; Egersund Open<\/td>\n<td>Bent B\u00e6rheim<\/td>\n<td>Solastranden GK<\/td>\n<td>71-79<\/td>\n<td><a href=\"http:\/\/www.golfbox.no\/app_livescoring\/tour\/?language=1044#\/competition\/190215\/results\" target=\"_blank\">Link til turneringen i golfbox<\/a><\/td>\n<\/tr>\n<tr>\n<td>\u00a02014<\/td>\n<td>Hellvik Hus &#8211; Egersund Open<\/td>\n<td>Arne\u00a0Ravndal<\/td>\n<td>Sandnes\u00a0GK<\/td>\n<td>69-66<\/td>\n<td><a href=\"http:\/\/www.golfbox.no\/livescoring\/tour\/?language=1044#\/competition\/1439\/leaderboard\">Link til\u00a0turneringen i golfbox<\/a><\/td>\n<\/tr>\n<tr>\n<td>\u00a02013<\/td>\n<td>Hellvik Hus &#8211;\u00a0Egersund Open<\/td>\n<td>Andreas Tendenes<\/td>\n<td>J\u00e6ren GK<\/td>\n<td>71-78<\/td>\n<td><a href=\"http:\/\/www.golfbox.no\/livescoring\/leaderboard.asp?tour={D2BC9E2C-DE1B-4AC6-9DEF-5EEABA3C1F77}\">Link til turneringen i golfbox<\/a><\/td>\n<\/tr>\n<tr>\n<td>\u00a02012<\/td>\n<td>Hellvik Hus &#8211; Egersund Open<\/td>\n<td>Frederik J. Mellby<\/td>\n<td>Kjekstad GK<\/td>\n<td>72-69<\/td>\n<td><a href=\"http:\/\/www.golfbox.no\/livescoring\/leaderboard.asp?tour={99C3B9FB-96F0-42B6-BE16-B1F82647E7FF}\">Link til turneringen i golfbox<\/a><\/td>\n<\/tr>\n<tr>\n<td>\u00a02011<\/td>\n<td>Egersund Open<\/td>\n<td>Eirik T. Johansen<\/td>\n<td>Stavanger GK<\/td>\n<td>69-70<\/td>\n<td><a href=\"http:\/\/www.golfbox.no\/livescoring\/leaderboard.asp?tour={567769A0-2F67-441E-BF02-6A36851BAABA}\">Link til turneringen i golfbox<\/a><\/td>\n<\/tr>\n<tr>\n<td>\u00a02010<\/td>\n<td>Egersund Open<\/td>\n<td>Ketil Sunde<\/td>\n<td>Solastranden GK<\/td>\n<td>76-76<\/td>\n<td><a href=\"http:\/\/www.golfbox.no\/livescoring\/leaderboard.asp?tour={C227B57B-0601-4FBC-8F22-B7E357B9DDE3}\">Link til turneringen i golfbox<\/a><\/td>\n<\/tr>\n<tr>\n<td>\u00a02009<\/td>\n<td>Egersund Open<\/td>\n<td>Andreas Tendenes<\/td>\n<td>J\u00e6ren GK<\/td>\n<td>72-74<\/td>\n<td><a href=\"http:\/\/www.golfbox.no\/livescoring\/leaderboard.asp?tour={37A7E7F0-0284-4DAE-A614-C48F145F8F42}\">Link til turneringen i golfbox<\/a><\/td>\n<\/tr>\n<tr>\n<td>\u00a02008<\/td>\n<td>Egersund Open<\/td>\n<td>Eirik Alsvik<\/td>\n<td>Preikestolen GK<\/td>\n<td>78<\/td>\n<td><a href=\"http:\/\/www.golfbox.no\/livescoring\/finalresult.asp?tour={D62BA27D-537E-40EC-91C5-5A59CD77A31B}\">Link til turneringen i golfbox<\/a><\/td>\n<\/tr>\n<tr>\n<td>\u00a02007<\/td>\n<td>Egersund Open<\/td>\n<td>Stian N\u00f8dland<\/td>\n<td>Solastranden GK<\/td>\n<td>78<\/td>\n<td><a href=\"http:\/\/www.golfbox.no\/livescoring\/finalresult.asp?tour={2EF04B18-F14F-441D-A291-874026A59562}\">Link til turneringen i golfbox<\/a><\/td>\n<\/tr>\n<\/tbody>\n<\/table>\n<p>&nbsp;<\/p>\n<p><strong>Damer<\/strong><\/p>\n<table>\n<tbody>\n<tr>\n<td><strong>\u00c5r<\/strong><\/td>\n<td><strong>Turneringsnavn\u00a0<\/strong><\/td>\n<td><strong>Vinner<\/strong><\/td>\n<td><strong>Klubb\u00a0<\/strong><\/td>\n<td><strong>Resultat\u00a0<\/strong><\/td>\n<td><strong>Link resultater i golfbox<\/strong><\/td>\n<\/tr>\n<tr>\n<td>2016<\/td>\n<td>Hellvik Hus &#8211; Egersund Open<\/td>\n<td>Ikke avviklet<\/td>\n<td><\/td>\n<td><\/td>\n<td><\/td>\n<\/tr>\n<tr>\n<td>2015<\/td>\n<td>Hellvik Hus &#8211; Egersund Open<\/td>\n<td>Ikke avviklet<\/td>\n<td><\/td>\n<td><\/td>\n<td><\/td>\n<\/tr>\n<tr>\n<td>\u00a02014<\/td>\n<td>Hellvik Hus &#8211; Egersund Open<\/td>\n<td>Ikke\u00a0avviklet<\/td>\n<td><\/td>\n<td><\/td>\n<td><\/td>\n<\/tr>\n<tr>\n<td>\u00a02013<\/td>\n<td>Hellvik Hus &#8211;\u00a0Egersund Open<\/td>\n<td>Ikke avviklet<\/td>\n<td><\/td>\n<td><\/td>\n<td><\/td>\n<\/tr>\n<tr>\n<td>\u00a02012<\/td>\n<td>Hellvik Hus &#8211; Egersund Open<\/td>\n<td>Ikke avviklet<\/td>\n<td><\/td>\n<td><\/td>\n<td><\/td>\n<\/tr>\n<tr>\n<td>\u00a02011<\/td>\n<td>Egersund Open<\/td>\n<td>Karoline Woie<\/td>\n<td>Stavanger GK<\/td>\n<td>78-82<\/td>\n<td><a href=\"http:\/\/www.golfbox.no\/livescoring\/leaderboard.asp?tour={567769A0-2F67-441E-BF02-6A36851BAABA}&amp;grp=2\">Link til turneringen i golfbox<\/a><\/td>\n<\/tr>\n<tr>\n<td>\u00a02010<\/td>\n<td>Egersund Open<\/td>\n<td>Heidi Q. Carlsen<\/td>\n<td>Solastranden GK<\/td>\n<td>85-105<\/td>\n<td><a href=\"http:\/\/www.golfbox.no\/livescoring\/leaderboard.asp?tour={C227B57B-0601-4FBC-8F22-B7E357B9DDE3}&amp;grp=2\">Link til turneringen i golfbox<\/a><\/td>\n<\/tr>\n<tr>\n<td>\u00a02009<\/td>\n<td>Egersund Open<\/td>\n<td>Ikke avviklet<\/td>\n<td><\/td>\n<td><\/td>\n<td><\/td>\n<\/tr>\n<tr>\n<td>\u00a02008<\/td>\n<td>Egersund Open<\/td>\n<td>Tone Totland<\/td>\n<td>Sandnes\u00a0GK<\/td>\n<td>85<\/td>\n<td><a href=\"http:\/\/www.golfbox.no\/livescoring\/leaderboard.asp?tour={D62BA27D-537E-40EC-91C5-5A59CD77A31B}&amp;grp=2\">Link til turneringen i golfbox<\/a><\/td>\n<\/tr>\n<tr>\n<td>\u00a02007<\/td>\n<td>Egersund Open<\/td>\n<td>Elisabeth Evjedal<\/td>\n<td>Solastranden GK<\/td>\n<td>100<\/td>\n<td><a href=\"http:\/\/www.golfbox.no\/livescoring\/leaderboard.asp?tour={2EF04B18-F14F-441D-A291-874026A59562}&amp;grp=2\">Link til turneringen i golfbox<\/a><\/td>\n<\/tr>\n<\/tbody>\n<\/table>\n","protected":false},"excerpt":{"rendered":"<p>Egersund Open er den st\u00f8rste turneringen som blir arrangert i Maurholen. B\u00e5de i kvalitet og kvantitet. Den blir arrangert hvert \u00e5r, som regel i april. F\u00f8rste gang i 2007. De to f\u00f8rste \u00e5rene var det en 18 hulls turnering, mens det fra 2009 ble utvidet til to dagers og 36 hull. Turneringen samler gode spillere &#8230;<\/p>\n","protected":false},"author":1,"featured_media":0,"parent":0,"menu_order":0,"comment_status":"open","ping_status":"open","template":"","meta":{"jetpack_post_was_ever_published":false,"footnotes":""},"class_list":["post-1134","page","type-page","status-publish","hentry"],"jetpack_sharing_enabled":true,"jetpack_shortlink":"https:\/\/wp.me\/P8Sl8t-ii","_links":{"self":[{"href":"https:\/\/egersund-golfklubb.no\/index.php?rest_route=\/wp\/v2\/pages\/1134","targetHints":{"allow":["GET"]}}],"collection":[{"href":"https:\/\/egersund-golfklubb.no\/index.php?rest_route=\/wp\/v2\/pages"}],"about":[{"href":"https:\/\/egersund-golfklubb.no\/index.php?rest_route=\/wp\/v2\/types\/page"}],"author":[{"embeddable":true,"href":"https:\/\/egersund-golfklubb.no\/index.php?rest_route=\/wp\/v2\/users\/1"}],"replies":[{"embeddable":true,"href":"https:\/\/egersund-golfklubb.no\/index.php?rest_route=%2Fwp%2Fv2%2Fcomments&post=1134"}],"version-history":[{"count":4,"href":"https:\/\/egersund-golfklubb.no\/index.php?rest_route=\/wp\/v2\/pages\/1134\/revisions"}],"predecessor-version":[{"id":2575,"href":"https:\/\/egersund-golfklubb.no\/index.php?rest_route=\/wp\/v2\/pages\/1134\/revisions\/2575"}],"wp:attachment":[{"href":"https:\/\/egersund-golfklubb.no\/index.php?rest_route=%2Fwp%2Fv2%2Fmedia&parent=1134"}],"curies":[{"name":"wp","href":"https:\/\/api.w.org\/{rel}","templated":true}]}}