{"id":1003,"date":"2016-03-04T07:40:07","date_gmt":"2016-03-04T07:40:07","guid":{"rendered":"http:\/\/egersund-golfklubb.no\/?page_id=1003"},"modified":"2025-11-05T14:48:16","modified_gmt":"2025-11-05T12:48:16","slug":"vtg-kurs-pamelding","status":"publish","type":"page","link":"https:\/\/egersund-golfklubb.no\/?page_id=1003","title":{"rendered":"Veien til Golf"},"content":{"rendered":"<p>Veien til golf, VTG, passer for begge kj\u00f8nn med alder fra 12 til 80 \u00e5r.<br \/>\nI l\u00f8pet av 2 dager vil det bli gitt oppl\u00e6ring i bruk av de forskjellige k\u00f8llene som brukes samt litt teori og regelverk. Avsluttes med spill p\u00e5 banen.<br \/>\nDeretter f\u00f8lges kurset opp med 2 kvelder p\u00e5 banen hvor det repeteres med spill og regler.<\/p>\n<div>Etter endt kurs tilbys du \u00e5 gratis f\u00e5 v\u00e6re med p\u00e5 treninger som gjennomf\u00f8res av en profesjonell golftrener.<\/div>\n<div dir=\"auto\">I tillegg arrangerer golfklubben treninger for alle nybegynnere gjennom sesongen &#8211; s\u00e5 f\u00f8lg med p\u00e5 klubbens hjemmesider for informasjon om treningstider og p\u00e5melding!<\/div>\n<h2 id=\"tablepress-17-name\" class=\"tablepress-table-name tablepress-table-name-id-17\">Kurs 2026<\/h2>\n\n<table id=\"tablepress-17\" class=\"tablepress tablepress-id-17\" aria-labelledby=\"tablepress-17-name\">\n<thead>\n<tr class=\"row-1\">\n\t<th class=\"column-1\">Kursnummer<\/th><th class=\"column-2\">Dato<\/th><th class=\"column-3\">Teori\/Range<\/th><th class=\"column-4\">Klokkeslett<\/th><th class=\"column-5\">Dato<\/th><th class=\"column-6\">Banespill<\/th><th class=\"column-7\">Klokkeslett<\/th>\n<\/tr>\n<\/thead>\n<tbody class=\"row-striping row-hover\">\n<tr class=\"row-2\">\n\t<td class=\"column-1\">FULLT<\/td><td class=\"column-2\">07 og 09 april<\/td><td class=\"column-3\">Tirs-Tors<\/td><td class=\"column-4\">17:00 - 20:00<\/td><td class=\"column-5\">14 og 16 april<\/td><td class=\"column-6\">Tirs-Tors<\/td><td class=\"column-7\">17:30 - 20:00<\/td>\n<\/tr>\n<tr class=\"row-3\">\n\t<td class=\"column-1\">Kurs 1  - Ekstrakurs<\/td><td class=\"column-2\">21 og 23 april<\/td><td class=\"column-3\">Tirs-Tors<\/td><td class=\"column-4\">17:00 - 20:00<\/td><td class=\"column-5\">28 og 30 april <\/td><td class=\"column-6\">Tirs-Tors<\/td><td class=\"column-7\">17:30 - 20:00 <\/td>\n<\/tr>\n<tr class=\"row-4\">\n\t<td class=\"column-1\">Kurs 2 <\/td><td class=\"column-2\">05 og 07 mai<\/td><td class=\"column-3\">Tirs-Tors<\/td><td class=\"column-4\">17:00 - 20:00<\/td><td class=\"column-5\">12  og 14 mai<\/td><td class=\"column-6\">Tirs-Tors<\/td><td class=\"column-7\">17:30 - 20:00<\/td>\n<\/tr>\n<tr class=\"row-5\">\n\t<td class=\"column-1\">Kurs 3 (HELG)<\/td><td class=\"column-2\">06 og 07 juni<\/td><td class=\"column-3\">L\u00f8r-S\u00f8n<\/td><td class=\"column-4\">10:00 - 13:00<\/td><td class=\"column-5\">13 og 14 juni<\/td><td class=\"column-6\">L\u00f8r-S\u00f8n<\/td><td class=\"column-7\">14:00 - 16:30<\/td>\n<\/tr>\n<tr class=\"row-6\">\n\t<td class=\"column-1\">Kurs 4<\/td><td class=\"column-2\">11 og 13 aug<\/td><td class=\"column-3\">Tirs-Tors<\/td><td class=\"column-4\">17:00 - 20:00<\/td><td class=\"column-5\">18 og 20 aug<\/td><td class=\"column-6\">Tirs-Tors<\/td><td class=\"column-7\">17:30 - 20:00<\/td>\n<\/tr>\n<tr class=\"row-7\">\n\t<td class=\"column-1\">Kurs 5<\/td><td class=\"column-2\">01 og 03 sept<\/td><td class=\"column-3\">Tirs-Tors<\/td><td class=\"column-4\">17:00 - 20:00<\/td><td class=\"column-5\">08 og 10 sept<\/td><td class=\"column-6\">Tirs-Tors<\/td><td class=\"column-7\">17:30 - 20:00<\/td>\n<\/tr>\n<\/tbody>\n<\/table>\n<!-- #tablepress-17 from cache -->\n<p>Det vil bli utlevert kursmateriell hvor det der kan hentes mange gode tips.<br \/>\nKurset koster kr 300,- som refunderes ved tegning av 1 \u00e5rs VTG medlemskap til kr 1500,-<\/p>\n<p><strong>Alle \u00e5rets kurs er fullbooket, men fortvil ikke, i april 2026 er vi tilbake med ny kursrekke!<\/strong><\/p>\n<div id=\"vfb-form-3\" class=\"visual-form-builder-container\"><form id=\"kurs-2024-3\" class=\"visual-form-builder vfb-form-3 \" method=\"post\" enctype=\"multipart\/form-data\">\n\t  \t<input type=\"hidden\" name=\"form_id\" value=\"3\" \/><fieldset class=\"vfb-fieldset vfb-fieldset-1 vennligst-fyll-ut-skjemaet-under-for-a-melde-deg-pa-kurs \" id=\"item-vfb-40\"><div class=\"vfb-legend\"><h3>Vennligst fyll ut skjemaet under for \u00e5 melde deg p\u00e5 kurs<\/h3><\/div><ul class=\"vfb-section vfb-section-1\"><li class=\"vfb-item vfb-item-text  \" id=\"item-vfb-41\"><label for=\"vfb-41\" class=\"vfb-desc\">Fornavn  <span class=\"vfb-required-asterisk\">*<\/span><\/label><input type=\"text\" name=\"vfb-41\" id=\"vfb-41\" value=\"\" class=\"vfb-text  vfb-medium  required  \" \/><\/li><li class=\"vfb-item vfb-item-text  \" id=\"item-vfb-42\"><label for=\"vfb-42\" class=\"vfb-desc\">Etternavn  <span class=\"vfb-required-asterisk\">*<\/span><\/label><input type=\"text\" name=\"vfb-42\" id=\"vfb-42\" value=\"\" class=\"vfb-text  vfb-medium  required  \" \/><\/li><li class=\"vfb-item vfb-item-date  \" id=\"item-vfb-45\"><label for=\"vfb-45\" class=\"vfb-desc\">F\u00f8dselsdato  <span class=\"vfb-required-asterisk\">*<\/span><\/label><input type=\"text\" name=\"vfb-45\" id=\"vfb-45\" value=\"\" class=\"vfb-text vfb-date-picker  vfb-medium  required \" data-dp-dateFormat=\"dd\/mm\/yy\" \/><\/li><li class=\"vfb-item vfb-item-text  \" id=\"item-vfb-50\"><label for=\"vfb-50\" class=\"vfb-desc\">Adresse  <span class=\"vfb-required-asterisk\">*<\/span><\/label><span class=\"vfb-span\"><input type=\"text\" name=\"vfb-50\" id=\"vfb-50\" value=\"\" class=\"vfb-text  vfb-medium  required  \" \/><label>(Gatenavn og nr)<\/label><\/span><\/li><li class=\"vfb-item vfb-item-text  \" id=\"item-vfb-53\"><label for=\"vfb-53\" class=\"vfb-desc\">Postnr  <span class=\"vfb-required-asterisk\">*<\/span><\/label><span class=\"vfb-span\"><input type=\"text\" name=\"vfb-53\" id=\"vfb-53\" value=\"\" class=\"vfb-text  vfb-medium  required  \" \/><label>Postnummer<\/label><\/span><\/li><li class=\"vfb-item vfb-item-text  \" id=\"item-vfb-54\"><label for=\"vfb-54\" class=\"vfb-desc\">Sted  <span class=\"vfb-required-asterisk\">*<\/span><\/label><span class=\"vfb-span\"><input type=\"text\" name=\"vfb-54\" id=\"vfb-54\" value=\"\" class=\"vfb-text  vfb-medium  required  \" \/><label>Sted<\/label><\/span><\/li><li class=\"vfb-item vfb-item-text  \" id=\"item-vfb-51\"><label for=\"vfb-51\" class=\"vfb-desc\">Telefonnr  <span class=\"vfb-required-asterisk\">*<\/span><\/label><input type=\"text\" name=\"vfb-51\" id=\"vfb-51\" value=\"\" class=\"vfb-text  vfb-medium  required  \" \/><\/li><li class=\"vfb-item vfb-item-email  \" id=\"item-vfb-46\"><label for=\"vfb-46\" class=\"vfb-desc\">Epost  <span class=\"vfb-required-asterisk\">*<\/span><\/label><input type=\"email\" name=\"vfb-46\" id=\"vfb-46\" value=\"\" class=\"vfb-text  vfb-medium  required  email \" \/><\/li><li class=\"vfb-item vfb-item-select  \" id=\"item-vfb-57\"><label for=\"vfb-57\" class=\"vfb-desc\">Velg Kursdato <\/label><select name=\"vfb-57\" id=\"vfb-57\" class=\"vfb-select  vfb-medium  \"><option value=\"Kurs 1 - 21 og 23 april\">Kurs 1 - 21 og 23 april<\/option><option value=\"Kurs 2 - 05 og 07 mai\">Kurs 2 - 05 og 07 mai<\/option><option value=\"Kurs 3 - 06 og 07 juni\">Kurs 3 - 06 og 07 juni<\/option><option value=\"Kurs 4 - 11 og 13 aug\">Kurs 4 - 11 og 13 aug<\/option><option value=\"Kurs 5 - 01 og 03 sept\">Kurs 5 - 01 og 03 sept<\/option><\/select><\/li><\/ul>&nbsp;<\/fieldset><fieldset class=\"vfb-fieldset vfb-fieldset-2 verifikasjon \" id=\"item-vfb-36\" style=\"display:block\"><div class=\"vfb-legend\"><h3>Verifikasjon<\/h3><\/div><ul class=\"vfb-section vfb-section-2\"><li class=\"vfb-item vfb-item-secret\"  style=\"display:block\"><label for=\"vfb-37\" class=\"vfb-desc\">Vennligst tast inn et 2 sifret tall <span class=\"vfb-required-asterisk\">*<\/span><\/label><input type=\"hidden\" name=\"_vfb-secret\" value=\"vfb-37\" \/><span class=\"vfb-span\"><input type=\"text\" name=\"vfb-37\" id=\"vfb-37\" value=\"\" class=\"vfb-text  vfb-medium  required {digits:true,maxlength:2,minlength:2} \" style=\"display:block\" \/><label>Example: 12<\/label><\/span><li style=\"display:none;\"><label>This box is for spam protection - &lt;strong&gt;please leave it blank&lt;\/strong&gt;:<\/label><div><input name=\"vfb-spam\" \/><\/div><\/li>\n\t\t\t<li class=\"vfb-item vfb-item-submit\" id=\"item-vfb-38\">\n\t\t\t\t<input type=\"submit\" name=\"vfb-submit\" id=\"vfb-38\" value=\"Send p\u00e5melding\" class=\"vfb-submit \" \/>\n\t\t\t\t<\/li><\/ul>\n\t\t\t<\/fieldset><input type=\"hidden\" name=\"_wp_http_referer\" value=\"\/index.php?rest_route=%2Fwp%2Fv2%2Fpages%2F1003\" \/><\/form><\/div> <!-- .visual-form-builder-container -->\n","protected":false},"excerpt":{"rendered":"<p>Veien til golf, VTG, passer for begge kj\u00f8nn med alder fra 12 til 80 \u00e5r. I l\u00f8pet av 2 dager vil det bli gitt oppl\u00e6ring i bruk av de forskjellige k\u00f8llene som brukes samt litt teori og regelverk. Avsluttes med spill p\u00e5 banen. Deretter f\u00f8lges kurset opp med 2 kvelder p\u00e5 banen hvor det repeteres &#8230;<\/p>\n","protected":false},"author":1,"featured_media":0,"parent":0,"menu_order":0,"comment_status":"open","ping_status":"open","template":"","meta":{"jetpack_post_was_ever_published":false,"footnotes":""},"class_list":["post-1003","page","type-page","status-publish","hentry"],"jetpack_sharing_enabled":true,"jetpack_shortlink":"https:\/\/wp.me\/P8Sl8t-gb","_links":{"self":[{"href":"https:\/\/egersund-golfklubb.no\/index.php?rest_route=\/wp\/v2\/pages\/1003","targetHints":{"allow":["GET"]}}],"collection":[{"href":"https:\/\/egersund-golfklubb.no\/index.php?rest_route=\/wp\/v2\/pages"}],"about":[{"href":"https:\/\/egersund-golfklubb.no\/index.php?rest_route=\/wp\/v2\/types\/page"}],"author":[{"embeddable":true,"href":"https:\/\/egersund-golfklubb.no\/index.php?rest_route=\/wp\/v2\/users\/1"}],"replies":[{"embeddable":true,"href":"https:\/\/egersund-golfklubb.no\/index.php?rest_route=%2Fwp%2Fv2%2Fcomments&post=1003"}],"version-history":[{"count":18,"href":"https:\/\/egersund-golfklubb.no\/index.php?rest_route=\/wp\/v2\/pages\/1003\/revisions"}],"predecessor-version":[{"id":14356,"href":"https:\/\/egersund-golfklubb.no\/index.php?rest_route=\/wp\/v2\/pages\/1003\/revisions\/14356"}],"wp:attachment":[{"href":"https:\/\/egersund-golfklubb.no\/index.php?rest_route=%2Fwp%2Fv2%2Fmedia&parent=1003"}],"curies":[{"name":"wp","href":"https:\/\/api.w.org\/{rel}","templated":true}]}}